{"id":98,"date":"2024-04-01T14:23:48","date_gmt":"2024-04-01T14:23:48","guid":{"rendered":"https:\/\/www.blacksafir.fi\/?page_id=98"},"modified":"2024-04-24T08:11:53","modified_gmt":"2024-04-24T08:11:53","slug":"tukisukat","status":"publish","type":"page","link":"https:\/\/www.blacksafir.fi\/index.php\/tukisukat\/","title":{"rendered":"Tukisukat"},"content":{"rendered":"\n<figure class=\"wp-block-gallery has-nested-images columns-4 wp-block-gallery-1 is-layout-flex wp-block-gallery-is-layout-flex\">\n<figure class=\"wp-block-image size-large is-style-default\"><img loading=\"lazy\" decoding=\"async\" width=\"768\" height=\"1024\" data-id=\"238\" src=\"https:\/\/www.blacksafir.fi\/wp-content\/uploads\/2024\/04\/Kompressiosukkamusta-ilman-pakkausta-768x1024.jpg\" alt=\"\" class=\"wp-image-238\" srcset=\"https:\/\/www.blacksafir.fi\/wp-content\/uploads\/2024\/04\/Kompressiosukkamusta-ilman-pakkausta-768x1024.jpg 768w, https:\/\/www.blacksafir.fi\/wp-content\/uploads\/2024\/04\/Kompressiosukkamusta-ilman-pakkausta-225x300.jpg 225w, https:\/\/www.blacksafir.fi\/wp-content\/uploads\/2024\/04\/Kompressiosukkamusta-ilman-pakkausta-1152x1536.jpg 1152w, https:\/\/www.blacksafir.fi\/wp-content\/uploads\/2024\/04\/Kompressiosukkamusta-ilman-pakkausta-1536x2048.jpg 1536w, https:\/\/www.blacksafir.fi\/wp-content\/uploads\/2024\/04\/Kompressiosukkamusta-ilman-pakkausta.jpg 1800w\" sizes=\"(max-width: 768px) 100vw, 768px\" \/><\/figure>\n\n\n\n<figure class=\"wp-block-image size-large\"><img loading=\"lazy\" decoding=\"async\" width=\"768\" height=\"1024\" data-id=\"239\" src=\"https:\/\/www.blacksafir.fi\/wp-content\/uploads\/2024\/04\/Kompressiosukkamusta-768x1024.jpg\" alt=\"\" class=\"wp-image-239\" srcset=\"https:\/\/www.blacksafir.fi\/wp-content\/uploads\/2024\/04\/Kompressiosukkamusta-768x1024.jpg 768w, https:\/\/www.blacksafir.fi\/wp-content\/uploads\/2024\/04\/Kompressiosukkamusta-225x300.jpg 225w, https:\/\/www.blacksafir.fi\/wp-content\/uploads\/2024\/04\/Kompressiosukkamusta-1152x1536.jpg 1152w, https:\/\/www.blacksafir.fi\/wp-content\/uploads\/2024\/04\/Kompressiosukkamusta-1536x2048.jpg 1536w, https:\/\/www.blacksafir.fi\/wp-content\/uploads\/2024\/04\/Kompressiosukkamusta.jpg 1800w\" sizes=\"(max-width: 768px) 100vw, 768px\" \/><\/figure>\n\n\n\n<figure class=\"wp-block-image size-large\"><img loading=\"lazy\" decoding=\"async\" width=\"768\" height=\"1024\" data-id=\"240\" src=\"https:\/\/www.blacksafir.fi\/wp-content\/uploads\/2024\/04\/Kompressiosukkavalkoinen-ilman-pakettia-768x1024.jpg\" alt=\"\" class=\"wp-image-240\" srcset=\"https:\/\/www.blacksafir.fi\/wp-content\/uploads\/2024\/04\/Kompressiosukkavalkoinen-ilman-pakettia-768x1024.jpg 768w, https:\/\/www.blacksafir.fi\/wp-content\/uploads\/2024\/04\/Kompressiosukkavalkoinen-ilman-pakettia-225x300.jpg 225w, https:\/\/www.blacksafir.fi\/wp-content\/uploads\/2024\/04\/Kompressiosukkavalkoinen-ilman-pakettia-1152x1536.jpg 1152w, https:\/\/www.blacksafir.fi\/wp-content\/uploads\/2024\/04\/Kompressiosukkavalkoinen-ilman-pakettia-1536x2048.jpg 1536w, https:\/\/www.blacksafir.fi\/wp-content\/uploads\/2024\/04\/Kompressiosukkavalkoinen-ilman-pakettia.jpg 1800w\" sizes=\"(max-width: 768px) 100vw, 768px\" \/><\/figure>\n\n\n\n<figure class=\"wp-block-image size-large\"><img loading=\"lazy\" decoding=\"async\" width=\"768\" height=\"1024\" data-id=\"241\" src=\"https:\/\/www.blacksafir.fi\/wp-content\/uploads\/2024\/04\/Kompressiosukkavalkoinen-768x1024.jpg\" alt=\"\" class=\"wp-image-241\" srcset=\"https:\/\/www.blacksafir.fi\/wp-content\/uploads\/2024\/04\/Kompressiosukkavalkoinen-768x1024.jpg 768w, https:\/\/www.blacksafir.fi\/wp-content\/uploads\/2024\/04\/Kompressiosukkavalkoinen-225x300.jpg 225w, https:\/\/www.blacksafir.fi\/wp-content\/uploads\/2024\/04\/Kompressiosukkavalkoinen-1152x1536.jpg 1152w, https:\/\/www.blacksafir.fi\/wp-content\/uploads\/2024\/04\/Kompressiosukkavalkoinen-1536x2048.jpg 1536w, https:\/\/www.blacksafir.fi\/wp-content\/uploads\/2024\/04\/Kompressiosukkavalkoinen.jpg 1800w\" sizes=\"(max-width: 768px) 100vw, 768px\" \/><\/figure>\n<\/figure>\n\n\n\n<p><strong>Black Safir Kompressio \/ Lentosukat<\/strong><\/p>\n\n\n\n<p><strong>Koe uusi mukavuustaso Black Safir Kompressio-\/Lentosukilla<\/strong><\/p>\n\n\n\n<p>Black Safirin kompressio- ja lentosukat tarjoavat t\u00e4ydellisen yhdistelm\u00e4n tyyli\u00e4, mukavuutta ja tukea. Olipa kyse pitkist\u00e4 lennoista, seisomaty\u00f6st\u00e4 tai aktiivisista harrastuksista, n\u00e4m\u00e4 sukat auttavat sinua jaksamaan paremmin ja v\u00e4hent\u00e4v\u00e4t jalkojen v\u00e4symist\u00e4 ja turvotusta.<\/p>\n\n\n\n<p><strong>Miksi valita Black Safir Kompressio-\/Lentosukat?<\/strong><\/p>\n\n\n\n<ul>\n<li><strong>Parannettu verenkierto:<\/strong> Suunniteltu edist\u00e4m\u00e4\u00e4n verenkiertoa, mik\u00e4 on t\u00e4rke\u00e4\u00e4 erityisesti pitk\u00e4kestoisessa istumisessa tai seisomisessa. Auttaa lievitt\u00e4m\u00e4\u00e4n jalkojen turvotusta ja ehk\u00e4isem\u00e4\u00e4n v\u00e4symyst\u00e4.<\/li>\n\n\n\n<li><strong>Ergonominen tuki:<\/strong> Sukat tarjoavat optimaalisen puristuksen, joka tukee jalkojasi ja s\u00e4\u00e4ri\u00e4si koko p\u00e4iv\u00e4n ajan, auttaen sinua tuntemaan olosi virke\u00e4mm\u00e4ksi ja energisemm\u00e4ksi.<\/li>\n\n\n\n<li><strong>Ennaltaehk\u00e4isee jalkojen ongelmia:<\/strong> S\u00e4\u00e4nn\u00f6llinen k\u00e4ytt\u00f6 auttaa ehk\u00e4isem\u00e4\u00e4n suonikohjuja ja muita jalkavaivoja, pit\u00e4en jalkasi tervein\u00e4 ja voimakkaina.<\/li>\n\n\n\n<li><strong>Laadukas materiaali ja tyylik\u00e4s design:<\/strong> Valmistettu kest\u00e4v\u00e4st\u00e4 nylonista ja lycrasta, sukkamme ovat sek\u00e4 mukavat ett\u00e4 tyylikk\u00e4\u00e4t, saatavilla mustana ja valkoisena.<\/li>\n\n\n\n<li><strong>Monik\u00e4ytt\u00f6isyys:<\/strong> Ihanteellinen valinta niin ty\u00f6paikalle, vapaa-aikaan kuin urheiluunkin.<\/li>\n<\/ul>\n\n\n\n<p>N\u00e4m\u00e4 sukat ovat erinomainen valinta kaikille, jotka haluavat parantaa suorituskyky\u00e4\u00e4n ja hyvinvointiaan jokap\u00e4iv\u00e4isess\u00e4 el\u00e4m\u00e4ss\u00e4 tai matkoilla. Ne eiv\u00e4t ainoastaan tue jalkojasi, vaan my\u00f6s parantavat yleist\u00e4 mukavuuttasi.<\/p>\n\n\n\n<p><strong>K\u00e4ytt\u00f6varoitukset:<\/strong><\/p>\n\n\n\n<ul>\n<li>Ei suositella henkil\u00f6ille, joilla on vaikea ihotulehdus, heikentynyt valtimoverenkierto, syd\u00e4men vajaatoiminta tai diabeetikoille ilman l\u00e4\u00e4k\u00e4rin kanssa keskustelua.<\/li>\n<\/ul>\n\n\n\n<p>Investoi jalkojesi terveyteen ja mukavuuteen \u2013 hanki Black Safir Kompressio-\/Lentosukat nyt ja koe ero itse!<\/p>\n","protected":false},"excerpt":{"rendered":"<p>Black Safir Kompressio \/ Lentosukat Koe uusi mukavuustaso Black Safir Kompressio-\/Lentosukilla Black Safirin kompressio- ja lentosukat tarjoavat t\u00e4ydellisen yhdistelm\u00e4n tyyli\u00e4, mukavuutta ja tukea. Olipa kyse pitkist\u00e4 lennoista, seisomaty\u00f6st\u00e4 tai aktiivisista harrastuksista, n\u00e4m\u00e4 sukat auttavat sinua jaksamaan paremmin ja v\u00e4hent\u00e4v\u00e4t jalkojen v\u00e4symist\u00e4 ja turvotusta. Miksi valita Black Safir Kompressio-\/Lentosukat? N\u00e4m\u00e4 sukat ovat erinomainen valinta kaikille, jotka [&hellip;]<\/p>\n","protected":false},"author":1,"featured_media":0,"parent":0,"menu_order":0,"comment_status":"closed","ping_status":"closed","template":"","meta":{"footnotes":""},"jetpack_sharing_enabled":true,"_links":{"self":[{"href":"https:\/\/www.blacksafir.fi\/index.php\/wp-json\/wp\/v2\/pages\/98"}],"collection":[{"href":"https:\/\/www.blacksafir.fi\/index.php\/wp-json\/wp\/v2\/pages"}],"about":[{"href":"https:\/\/www.blacksafir.fi\/index.php\/wp-json\/wp\/v2\/types\/page"}],"author":[{"embeddable":true,"href":"https:\/\/www.blacksafir.fi\/index.php\/wp-json\/wp\/v2\/users\/1"}],"replies":[{"embeddable":true,"href":"https:\/\/www.blacksafir.fi\/index.php\/wp-json\/wp\/v2\/comments?post=98"}],"version-history":[{"count":4,"href":"https:\/\/www.blacksafir.fi\/index.php\/wp-json\/wp\/v2\/pages\/98\/revisions"}],"predecessor-version":[{"id":247,"href":"https:\/\/www.blacksafir.fi\/index.php\/wp-json\/wp\/v2\/pages\/98\/revisions\/247"}],"wp:attachment":[{"href":"https:\/\/www.blacksafir.fi\/index.php\/wp-json\/wp\/v2\/media?parent=98"}],"curies":[{"name":"wp","href":"https:\/\/api.w.org\/{rel}","templated":true}]}}